{"id":632,"date":"2026-02-21T21:41:51","date_gmt":"2026-02-21T20:41:51","guid":{"rendered":"https:\/\/zielinskizaune.com\/?page_id=632"},"modified":"2026-02-21T21:56:23","modified_gmt":"2026-02-21T20:56:23","slug":"information","status":"publish","type":"page","link":"https:\/\/zielinskizaune.com\/index.php\/information\/","title":{"rendered":"Information"},"content":{"rendered":"\t\t<div data-elementor-type=\"wp-page\" data-elementor-id=\"632\" class=\"elementor elementor-632\">\n\t\t\t\t<div class=\"elementor-element elementor-element-47ff487 e-flex e-con-boxed wpr-particle-no wpr-jarallax-no wpr-parallax-no wpr-sticky-section-no e-con e-parent\" data-id=\"47ff487\" data-element_type=\"container\" data-e-type=\"container\" data-settings=\"{&quot;background_background&quot;:&quot;gradient&quot;}\">\n\t\t\t\t\t<div class=\"e-con-inner\">\n\t\t\t\t<div class=\"elementor-element elementor-element-6fd99b7 elementor-drop-cap-yes elementor-drop-cap-view-default elementor-widget elementor-widget-text-editor\" data-id=\"6fd99b7\" data-element_type=\"widget\" data-e-type=\"widget\" data-settings=\"{&quot;drop_cap&quot;:&quot;yes&quot;}\" data-widget_type=\"text-editor.default\">\n\t\t\t\t\t\t\t\t\t<div>Die schmiedeeisernen Elemente werden bei uns manuell und mechanisch mit besonderer Sorge f\u00fcr die perfekte Ausf\u00fchrung von Details hergestellt.<\/div><div>Unsere Erzeugnisse werden feuerverzinkt und pulverbeschichtet, wodurch sie hervorragend gegen Rost gesch\u00fctzt sind.<\/div><div>Wir verf\u00fcgen \u00fcber eine breite Palette von Farben<\/div><div>und Strukturen.<\/div><div>Wir gew\u00e4hrleis ten die Lieferung und Montage des fertigen Produkts im In- und Ausland.<\/div><div>Alle Produkte sind mit einer Garantie und einem langfristigen Service abgedeckt.<\/div><div>\u00a0 Aufma\u00df und Beratung gratis!<\/div><div>Wir garantieren professionelle Ausf\u00fchrung und bestm\u00f6gliche Beratung.<\/div><div>zieninskizaune &#8211; Kunstschmiede aus Polen\u00a0<\/div><div>\u00a0<\/div><div>-mobil :\u00a0 \u00a0DE +49 1522 3953403<\/div><div>\u00a0<\/div><div>-e-mail:\u00a0 \u00a0zielinskizaun@gmail.com\u00a0<\/div>\t\t\t\t\t\t\t\t<\/div>\n\t\t\t\t\t<\/div>\n\t\t\t\t<\/div>\n\t\t\t\t<\/div>\n\t\t","protected":false},"excerpt":{"rendered":"<p>Die schmiedeeisernen Elemente werden bei uns manuell und mechanisch mit besonderer Sorge f\u00fcr die perfekte Ausf\u00fchrung von Details hergestellt.Unsere Erzeugnisse werden feuerverzinkt und pulverbeschichtet, wodurch sie hervorragend gegen Rost gesch\u00fctzt sind.Wir verf\u00fcgen \u00fcber eine breite Palette von Farbenund Strukturen.Wir gew\u00e4hrleis ten die Lieferung und Montage des fertigen Produkts im In- und Ausland.Alle Produkte sind mit einer Garantie und einem langfristigen Service abgedeckt.\u00a0 Aufma\u00df und Beratung gratis!Wir garantieren professionelle Ausf\u00fchrung und bestm\u00f6gliche Beratung.zieninskizaune &#8211; Kunstschmiede aus Polen\u00a0\u00a0-mobil :\u00a0 \u00a0DE +49 1522 3953403\u00a0-e-mail:\u00a0 \u00a0zielinskizaun@gmail.com\u00a0<\/p>\n","protected":false},"author":1,"featured_media":0,"parent":0,"menu_order":0,"comment_status":"closed","ping_status":"closed","template":"","meta":{"footnotes":""},"class_list":["post-632","page","type-page","status-publish","hentry"],"_links":{"self":[{"href":"https:\/\/zielinskizaune.com\/index.php\/wp-json\/wp\/v2\/pages\/632","targetHints":{"allow":["GET"]}}],"collection":[{"href":"https:\/\/zielinskizaune.com\/index.php\/wp-json\/wp\/v2\/pages"}],"about":[{"href":"https:\/\/zielinskizaune.com\/index.php\/wp-json\/wp\/v2\/types\/page"}],"author":[{"embeddable":true,"href":"https:\/\/zielinskizaune.com\/index.php\/wp-json\/wp\/v2\/users\/1"}],"replies":[{"embeddable":true,"href":"https:\/\/zielinskizaune.com\/index.php\/wp-json\/wp\/v2\/comments?post=632"}],"version-history":[{"count":20,"href":"https:\/\/zielinskizaune.com\/index.php\/wp-json\/wp\/v2\/pages\/632\/revisions"}],"predecessor-version":[{"id":703,"href":"https:\/\/zielinskizaune.com\/index.php\/wp-json\/wp\/v2\/pages\/632\/revisions\/703"}],"wp:attachment":[{"href":"https:\/\/zielinskizaune.com\/index.php\/wp-json\/wp\/v2\/media?parent=632"}],"curies":[{"name":"wp","href":"https:\/\/api.w.org\/{rel}","templated":true}]}}